{"id":324,"date":"2018-10-10T09:31:02","date_gmt":"2018-10-10T09:31:02","guid":{"rendered":"http:\/\/valeskarusso.de\/?page_id=324"},"modified":"2018-12-19T12:08:31","modified_gmt":"2018-12-19T12:08:31","slug":"st-galler-coaching-modell","status":"publish","type":"page","link":"http:\/\/valeskarusso.de\/?page_id=324","title":{"rendered":"St. Galler Coaching Modell\u00ae"},"content":{"rendered":"<p style=\"text-align: center;\"><span style=\"color: #000000;\"><strong>Wollen Sie positiv und langfristig etwas in Ihrem Leben ver\u00e4ndern?<\/strong><\/span><\/p>\n<p>&nbsp;<\/p>\n<p style=\"text-align: justify;\">Dann lassen Sie sich von mir mit dem<strong> St. Galler Coaching Modell\u00ae <\/strong>begleiten!<\/p>\n<p style=\"text-align: left;\">Das SCM\u00ae ist eine <strong>Coaching Methode<\/strong>, in der Sie die M\u00f6glichkeit haben, etwas in Ihrem Leben zu ver\u00e4ndern und sich pers\u00f6nlich weiterzuentwickeln.<\/p>\n<p style=\"text-align: justify;\">Es ist besonders dann f\u00fcr Sie geeignet, wenn Sie aus einer festgefahrenen beruflichen oder privaten Situation heraus etwas positiv ver\u00e4ndern wollen.<\/p>\n<p style=\"text-align: justify;\">Ausgehend von einer f\u00fcr Sie problematischen Situation werden Sie einen Wert erarbeiten, der aktuell wenig Platz in Ihrem Leben hat und st\u00e4rker entwickelt werden kann.<\/p>\n<p style=\"text-align: justify;\"><strong><span style=\"color: #339966;\">Werte k\u00f6nnen z.B. Anerkennung, Entscheidungsf\u00e4higkeit, Gr\u00fcndlichkeit, Disziplin, Klarheit, Mut, Neugier und vieles mehr sein!<\/span><\/strong><\/p>\n<p style=\"text-align: justify;\">Ihr Wert wird dem Coaching Prozess die Ausrichtung geben!<\/p>\n<p><strong>Was erwarte ich von Ihnen in dem Coaching Prozess?<\/strong><\/p>\n<p style=\"text-align: justify;\">Sie sollten die Bereitschaft haben, sich auf diesen Ver\u00e4nderungsprozess einzulassen. Sie m\u00fcssen nichts glauben oder wissen, Sie erhalten auch keine Tools oder Tricks; das Wachstum wird aus Ihnen heraus entstehen; dabei haben Sie immer die Kompetenz f\u00fcr die Ver\u00e4nderung.<\/p>\n<p><strong>Was k\u00f6nnen Sie von mir erwarten?<\/strong><\/p>\n<p style=\"text-align: justify;\">Ich \u00fcbernehme die vollst\u00e4ndige Prozessverantwortung und bin die Begleiterin, die Fragen stellt und alle Prozesse anleitet. Meine Erfahrung ist dabei nicht nur theoretisch erlernt, sondern zus\u00e4tzlich mit Wert, Problem und Ziel komplett durchlaufen, so dass ich auch aus pers\u00f6nlichen Erfahrungen heraus begleiten werde.<\/p>\n<p><strong>Gut zu wissen!<\/strong><\/p>\n<p style=\"text-align: justify;\">Die Wirksamkeit des SCM\u00ae ist durch <a href=\"https:\/\/coach-trainer-akademie.ch\/informationen\/qualitaet-wissenschaftlichkeit\/scm-studien\/\">drei Studien<\/a> wissenschaftlich validiert.<\/p>\n<p style=\"text-align: justify;\">Zumdem ist sowohl meine Erfahrung als auch die Erfahrung vieler Klienten und Kollegen, dass die Werteentwicklung verbl\u00fcffend sp\u00fcrbar und nachhaltig effektiv ist.<\/p>\n<p style=\"text-align: center;\"><span style=\"color: #ff0000;\"><strong>\u00a0<\/strong><span style=\"color: #000000;\"><strong>Probieren Sie es doch aus!<\/strong><\/span><\/span><\/p>\n<p><img loading=\"lazy\" decoding=\"async\" class=\"alignright wp-image-621 size-medium\" src=\"http:\/\/valeskarusso.de\/wp-content\/uploads\/2018\/11\/7-200x300.jpg\" alt=\"\" width=\"200\" height=\"300\" srcset=\"http:\/\/valeskarusso.de\/wp-content\/uploads\/2018\/11\/7-200x300.jpg 200w, http:\/\/valeskarusso.de\/wp-content\/uploads\/2018\/11\/7-768x1150.jpg 768w, http:\/\/valeskarusso.de\/wp-content\/uploads\/2018\/11\/7-684x1024.jpg 684w, http:\/\/valeskarusso.de\/wp-content\/uploads\/2018\/11\/7.jpg 1577w\" sizes=\"(max-width: 200px) 100vw, 200px\" \/><\/p>\n<p>Neugierig?<\/p>\n<p>Melden Sie sich gleich zu einem unverbindlichen <a href=\"http:\/\/valeskarusso.de\/?page_id=350\">Telefonat<\/a> an.<\/p>\n<p><strong>Dr. Valeska Russo<\/strong><\/p>\n<p><strong>Systemische Business Coach &amp; Beraterin<\/strong> des St. Galler Coaching Modell\u00ae der CoachTrainerAkademieSchweiz<\/p>\n<p>Bei Interesse findet das Coaching in sch\u00f6nen R\u00e4umen in Berlin Steglitz statt.<\/p>\n<p>&nbsp;<\/p>\n<p>&nbsp;<\/p>\n<p>&nbsp;<\/p>\n<p><em>Disclaimer: <\/em><\/p>\n<p><em>Coaching ist keine Psychotherapie und kann eine solche nicht ersetzen. Voraussetzung ist eine normale psychische und physische Stabilit\u00e4t und Belastbarkeit<\/em><\/p>\n","protected":false},"excerpt":{"rendered":"<p>Wollen Sie positiv und langfristig etwas in Ihrem Leben ver\u00e4ndern? &nbsp; Dann lassen Sie sich von mir mit dem St. Galler Coaching Modell\u00ae begleiten! Das SCM\u00ae ist eine Coaching Methode, in der Sie die M\u00f6glichkeit haben, etwas in Ihrem Leben zu ver\u00e4ndern und sich pers\u00f6nlich weiterzuentwickeln. Es ist besonders dann f\u00fcr Sie geeignet, wenn Sie &hellip; <\/p>\n<p class=\"link-more\"><a href=\"http:\/\/valeskarusso.de\/?page_id=324\" class=\"more-link\"><span class=\"screen-reader-text\">&#8222;St. Galler Coaching Modell\u00ae&#8220;<\/span> weiterlesen<\/a><\/p>\n","protected":false},"author":1,"featured_media":627,"parent":0,"menu_order":0,"comment_status":"closed","ping_status":"closed","template":"","meta":{"footnotes":""},"_links":{"self":[{"href":"http:\/\/valeskarusso.de\/index.php?rest_route=\/wp\/v2\/pages\/324"}],"collection":[{"href":"http:\/\/valeskarusso.de\/index.php?rest_route=\/wp\/v2\/pages"}],"about":[{"href":"http:\/\/valeskarusso.de\/index.php?rest_route=\/wp\/v2\/types\/page"}],"author":[{"embeddable":true,"href":"http:\/\/valeskarusso.de\/index.php?rest_route=\/wp\/v2\/users\/1"}],"replies":[{"embeddable":true,"href":"http:\/\/valeskarusso.de\/index.php?rest_route=%2Fwp%2Fv2%2Fcomments&post=324"}],"version-history":[{"count":12,"href":"http:\/\/valeskarusso.de\/index.php?rest_route=\/wp\/v2\/pages\/324\/revisions"}],"predecessor-version":[{"id":632,"href":"http:\/\/valeskarusso.de\/index.php?rest_route=\/wp\/v2\/pages\/324\/revisions\/632"}],"wp:featuredmedia":[{"embeddable":true,"href":"http:\/\/valeskarusso.de\/index.php?rest_route=\/wp\/v2\/media\/627"}],"wp:attachment":[{"href":"http:\/\/valeskarusso.de\/index.php?rest_route=%2Fwp%2Fv2%2Fmedia&parent=324"}],"curies":[{"name":"wp","href":"https:\/\/api.w.org\/{rel}","templated":true}]}}