{"id":335,"date":"2018-10-10T10:05:46","date_gmt":"2018-10-10T10:05:46","guid":{"rendered":"http:\/\/valeskarusso.de\/?page_id=335"},"modified":"2018-11-14T09:23:36","modified_gmt":"2018-11-14T09:23:36","slug":"business-modell-you-coaching","status":"publish","type":"page","link":"http:\/\/valeskarusso.de\/?page_id=335","title":{"rendered":"Business Model You\u00ae Coaching"},"content":{"rendered":"<p style=\"text-align: center;\"><strong><span style=\"color: #000000;\">Zweifeln Sie gerade, ob Sie im richtigen Job sind?<\/span><\/strong><\/p>\n<p style=\"text-align: center;\">Tr\u00e4umen Sie von einer anderen Arbeit &#8211; einer, die Ihnen Sinn gibt, Sie erf\u00fcllt und motiviert?<\/p>\n<p style=\"text-align: left;\">Dann lassen Sie sich von mir mit einem <strong>Business Model You\u00ae (BMY) Coaching <\/strong>begleiten!<\/p>\n<p style=\"text-align: justify;\">Die Methode BMY ist eine Weiterentwicklung von <a href=\"https:\/\/strategyzer.com\/\">Business Model Generation<\/a>. (A. Osterwalder et al.)<\/p>\n<p style=\"text-align: justify;\">Es wird dabei angenommen, dass Sie, mit dem was Sie gerade arbeiten, ein Gesch\u00e4ftsmodell darstellen, ein<span style=\"color: #000000;\"> <strong>Business Model You<\/strong>!<\/span><\/p>\n<p style=\"text-align: justify;\">Durch das Erforschen und Visualisieren der neun grundlegende Fragen zu Ihrer Arbeit, werden Sie verbl\u00fcffend schnell Klarheit dar\u00fcber erlangen, mit welchen T\u00e4tigkeiten und F\u00e4higkeiten Sie f\u00fcr welche Kunden den gr\u00f6\u00dften Mehrwert erzielen und welche aktuelle Umst\u00e4nde Ihnen gerade das Arbeitsleben schwer machen, bzw. wo es gute Gelegenheiten gibt, mit Ihrer Einzigartigkeit und Ihren Interessen einen neuen Karriereschritt zu planen.<\/p>\n<p style=\"text-align: justify;\">Die Methode ist universell einsetzbar und eine gro\u00dfe Unterst\u00fctzung in unserer sich sehr schnell wandelnden Gesch\u00e4ftswelt.<\/p>\n<p style=\"text-align: justify;\">\u00dcbrigens muss BMY nicht nur auf Erwerbsarbeit angewendet werden, sondern ist auch eine gro\u00dfe Hilfe, um T\u00e4tigkeitsfelder wie Familienarbeit oder Ehrenamt zu analysieren und somit Kraft und Energie gezielter einzusetzen.<\/p>\n<p>\u00dcblicherweise dauert das\u00a0BMY Coaching\u00a0 nicht mehr als 2 Stunden &#8211; eine sehr gut investierte Zeit!<\/p>\n<p style=\"text-align: justify;\">Ganz konkret werden wir neun Bausteine analysieren und visualisieren:<\/p>\n<p><img loading=\"lazy\" decoding=\"async\" class=\"wp-image-388 size-medium alignright\" src=\"http:\/\/valeskarusso.de\/wp-content\/uploads\/2018\/10\/IMG_20181011_111416471-300x225.jpg\" alt=\"\" width=\"300\" height=\"225\" srcset=\"http:\/\/valeskarusso.de\/wp-content\/uploads\/2018\/10\/IMG_20181011_111416471-300x225.jpg 300w, http:\/\/valeskarusso.de\/wp-content\/uploads\/2018\/10\/IMG_20181011_111416471-768x576.jpg 768w, http:\/\/valeskarusso.de\/wp-content\/uploads\/2018\/10\/IMG_20181011_111416471-1024x768.jpg 1024w\" sizes=\"(max-width: 300px) 100vw, 300px\" \/><\/p>\n<ul>\n<li>Was tun Sie gerne? (Schl\u00fcsselaktivit\u00e4ten)<\/li>\n<li>Wem helfen Sie? (Kunden)<\/li>\n<li>Was haben diese davon? (Wertangebot)<\/li>\n<li>Was haben Sie davon? (Umsatz)<\/li>\n<li>Was bringen Sie mit? \u00a0(F\u00e4higkeiten, Interessen, Ressourcen)<\/li>\n<li>Was m\u00fcssen Sie investieren? (Kosten)<\/li>\n<li>Wer hilft Ihnen? (Schl\u00fcssel Partner)<\/li>\n<li>Wie wissen Ihre Kunden von Ihnen? (Kan\u00e4le)<\/li>\n<li>Wie interagieren Sie mit ihnen nach getaner Leistung? (Kundenbeziehungen)<\/li>\n<\/ul>\n<h4 style=\"text-align: center;\"><span style=\"color: #000000;\">Lassen Sie sich vom Ergebnis \u00fcberraschen!<\/span><\/h4>\n<p>&nbsp;<\/p>\n<p><img loading=\"lazy\" decoding=\"async\" class=\"alignright wp-image-621 size-medium\" src=\"http:\/\/valeskarusso.de\/wp-content\/uploads\/2018\/11\/7-200x300.jpg\" alt=\"\" width=\"200\" height=\"300\" srcset=\"http:\/\/valeskarusso.de\/wp-content\/uploads\/2018\/11\/7-200x300.jpg 200w, http:\/\/valeskarusso.de\/wp-content\/uploads\/2018\/11\/7-768x1150.jpg 768w, http:\/\/valeskarusso.de\/wp-content\/uploads\/2018\/11\/7-684x1024.jpg 684w, http:\/\/valeskarusso.de\/wp-content\/uploads\/2018\/11\/7.jpg 1577w\" sizes=\"(max-width: 200px) 100vw, 200px\" \/><\/p>\n<p>Neugierig?<\/p>\n<p>Melden Sie sich gleich zu einem unverbindlichen <a href=\"http:\/\/valeskarusso.de\/?page_id=350\">Telefonat<\/a> an.<\/p>\n<p><strong>Dr. Valeska Russo<\/strong><\/p>\n<p>Business Model You\u00ae Master Class-Certified Practitioner<strong><br \/>\n<\/strong><\/p>\n<p>Das Coaching kann entweder bei Ihnen oder in sch\u00f6nen R\u00e4umen in Steglitz stattfinden.<\/p>\n<p>&nbsp;<\/p>\n<p>Das sagen andere&#8230;<\/p>\n<p style=\"text-align: center;\"><em>Super Coaching, hat toll in der Zeit gepasst (2h).<\/em><\/p>\n<p style=\"text-align: center;\"><em>Ergebnis: Kennen meine St\u00e4rken, Klarheit, Best\u00e4tigung, Fokussierung<\/em><\/p>\n<p style=\"text-align: center;\"><em>Sehr aufmerksame und wertsch\u00e4tzend begleitende Coach<\/em><\/p>\n<p>&nbsp;<\/p>\n<p>&nbsp;<\/p>\n<p>Disclaimer:<\/p>\n<p>Coaching ist keine Psychotherapie und kann eine solche nicht ersetzen. Voraussetzung ist eine normale psychische und physische Stabilit\u00e4t und Belastbarkeit<\/p>\n","protected":false},"excerpt":{"rendered":"<p>Zweifeln Sie gerade, ob Sie im richtigen Job sind? Tr\u00e4umen Sie von einer anderen Arbeit &#8211; einer, die Ihnen Sinn gibt, Sie erf\u00fcllt und motiviert? Dann lassen Sie sich von mir mit einem Business Model You\u00ae (BMY) Coaching begleiten! Die Methode BMY ist eine Weiterentwicklung von Business Model Generation. (A. Osterwalder et al.) Es wird &hellip; <\/p>\n<p class=\"link-more\"><a href=\"http:\/\/valeskarusso.de\/?page_id=335\" class=\"more-link\"><span class=\"screen-reader-text\">&#8222;Business Model You\u00ae Coaching&#8220;<\/span> weiterlesen<\/a><\/p>\n","protected":false},"author":1,"featured_media":377,"parent":319,"menu_order":0,"comment_status":"closed","ping_status":"closed","template":"","meta":{"footnotes":""},"_links":{"self":[{"href":"http:\/\/valeskarusso.de\/index.php?rest_route=\/wp\/v2\/pages\/335"}],"collection":[{"href":"http:\/\/valeskarusso.de\/index.php?rest_route=\/wp\/v2\/pages"}],"about":[{"href":"http:\/\/valeskarusso.de\/index.php?rest_route=\/wp\/v2\/types\/page"}],"author":[{"embeddable":true,"href":"http:\/\/valeskarusso.de\/index.php?rest_route=\/wp\/v2\/users\/1"}],"replies":[{"embeddable":true,"href":"http:\/\/valeskarusso.de\/index.php?rest_route=%2Fwp%2Fv2%2Fcomments&post=335"}],"version-history":[{"count":19,"href":"http:\/\/valeskarusso.de\/index.php?rest_route=\/wp\/v2\/pages\/335\/revisions"}],"predecessor-version":[{"id":625,"href":"http:\/\/valeskarusso.de\/index.php?rest_route=\/wp\/v2\/pages\/335\/revisions\/625"}],"up":[{"embeddable":true,"href":"http:\/\/valeskarusso.de\/index.php?rest_route=\/wp\/v2\/pages\/319"}],"wp:featuredmedia":[{"embeddable":true,"href":"http:\/\/valeskarusso.de\/index.php?rest_route=\/wp\/v2\/media\/377"}],"wp:attachment":[{"href":"http:\/\/valeskarusso.de\/index.php?rest_route=%2Fwp%2Fv2%2Fmedia&parent=335"}],"curies":[{"name":"wp","href":"https:\/\/api.w.org\/{rel}","templated":true}]}}